{"id":21,"date":"2023-02-26T17:18:02","date_gmt":"2023-02-26T17:18:02","guid":{"rendered":"https:\/\/physiotherapie-maeder.de\/?page_id=21"},"modified":"2023-05-19T16:48:29","modified_gmt":"2023-05-19T16:48:29","slug":"kontakt","status":"publish","type":"page","link":"https:\/\/physiotherapie-maeder.de\/?page_id=21","title":{"rendered":"Kontakt"},"content":{"rendered":"\n<figure class=\"wp-block-image size-large\"><img loading=\"lazy\" decoding=\"async\" width=\"768\" height=\"1024\" src=\"https:\/\/physiotherapie-maeder.de\/wp-content\/uploads\/2023\/05\/Parkplatz-768x1024.jpg\" alt=\"\" class=\"wp-image-495\" srcset=\"https:\/\/physiotherapie-maeder.de\/wp-content\/uploads\/2023\/05\/Parkplatz-768x1024.jpg 768w, https:\/\/physiotherapie-maeder.de\/wp-content\/uploads\/2023\/05\/Parkplatz-225x300.jpg 225w, https:\/\/physiotherapie-maeder.de\/wp-content\/uploads\/2023\/05\/Parkplatz-1152x1536.jpg 1152w, https:\/\/physiotherapie-maeder.de\/wp-content\/uploads\/2023\/05\/Parkplatz-1536x2048.jpg 1536w, https:\/\/physiotherapie-maeder.de\/wp-content\/uploads\/2023\/05\/Parkplatz-2000x2667.jpg 2000w, https:\/\/physiotherapie-maeder.de\/wp-content\/uploads\/2023\/05\/Parkplatz-scaled.jpg 1920w\" sizes=\"(max-width: 768px) 100vw, 768px\" \/><\/figure>\n\n\n\n<p>Hauseigene Parkpl\u00e4tze mit barrierefreiem Zugang zur Praxis erm\u00f6glichen ein stressfreies Parken und entspanntes Ankommen.<\/p>\n\n\n\n<p><\/p>\n\n\n\n<p><\/p>\n\n\n\n<p class=\"has-text-align-left\">Physiotherapie Manuela M\u00e4der<br>Am Aacher Berg 6\/1<br>72280 Dornstetten<\/p>\n\n\n\n<p class=\"has-text-align-left\">07443 3822<\/p>\n\n\n\n<p class=\"has-text-align-left\">info@physiotherapie-maeder.de<\/p>\n\n\n\n<figure class=\"wp-block-image alignleft size-medium is-resized\"><a href=\"https:\/\/goo.gl\/maps\/CKwk9gfA6k6GCjEy7\" target=\"_blank\" rel=\"noreferrer noopener\"><img loading=\"lazy\" decoding=\"async\" src=\"https:\/\/physiotherapie-maeder.de\/wp-content\/uploads\/2023\/05\/google-maps-g20a0ecc25_1280-e1683135059896-edited.png\" alt=\"Link zu Google Maps\" class=\"wp-image-333\" width=\"108\" height=\"106\" srcset=\"https:\/\/physiotherapie-maeder.de\/wp-content\/uploads\/2023\/05\/google-maps-g20a0ecc25_1280-e1683135059896-edited.png 945w, https:\/\/physiotherapie-maeder.de\/wp-content\/uploads\/2023\/05\/google-maps-g20a0ecc25_1280-e1683135059896-edited-300x293.png 300w, https:\/\/physiotherapie-maeder.de\/wp-content\/uploads\/2023\/05\/google-maps-g20a0ecc25_1280-e1683135059896-edited-768x751.png 768w\" sizes=\"(max-width: 108px) 100vw, 108px\" \/><\/a><\/figure>\n","protected":false},"excerpt":{"rendered":"<p>Hauseigene Parkpl\u00e4tze mit barrierefreiem Zugang zur Praxis erm\u00f6glichen ein stressfreies Parken und entspanntes Ankommen. Physiotherapie Manuela M\u00e4derAm Aacher Berg 6\/172280 Dornstetten 07443 3822 info@physiotherapie-maeder.de<\/p>\n","protected":false},"author":4,"featured_media":0,"parent":0,"menu_order":0,"comment_status":"closed","ping_status":"closed","template":"","meta":{"footnotes":"","inspiro_hide_title":false},"_links":{"self":[{"href":"https:\/\/physiotherapie-maeder.de\/index.php?rest_route=\/wp\/v2\/pages\/21"}],"collection":[{"href":"https:\/\/physiotherapie-maeder.de\/index.php?rest_route=\/wp\/v2\/pages"}],"about":[{"href":"https:\/\/physiotherapie-maeder.de\/index.php?rest_route=\/wp\/v2\/types\/page"}],"author":[{"embeddable":true,"href":"https:\/\/physiotherapie-maeder.de\/index.php?rest_route=\/wp\/v2\/users\/4"}],"replies":[{"embeddable":true,"href":"https:\/\/physiotherapie-maeder.de\/index.php?rest_route=%2Fwp%2Fv2%2Fcomments&post=21"}],"version-history":[{"count":11,"href":"https:\/\/physiotherapie-maeder.de\/index.php?rest_route=\/wp\/v2\/pages\/21\/revisions"}],"predecessor-version":[{"id":505,"href":"https:\/\/physiotherapie-maeder.de\/index.php?rest_route=\/wp\/v2\/pages\/21\/revisions\/505"}],"wp:attachment":[{"href":"https:\/\/physiotherapie-maeder.de\/index.php?rest_route=%2Fwp%2Fv2%2Fmedia&parent=21"}],"curies":[{"name":"wp","href":"https:\/\/api.w.org\/{rel}","templated":true}]}}