{"id":15,"date":"2023-02-26T17:17:18","date_gmt":"2023-02-26T17:17:18","guid":{"rendered":"https:\/\/physiotherapie-maeder.de\/?page_id=15"},"modified":"2024-01-03T10:02:01","modified_gmt":"2024-01-03T09:02:01","slug":"philosophie","status":"publish","type":"page","link":"https:\/\/physiotherapie-maeder.de\/?page_id=15","title":{"rendered":"Philosophie"},"content":{"rendered":"\n<figure class=\"wp-block-image size-large\"><img loading=\"lazy\" decoding=\"async\" width=\"1024\" height=\"768\" src=\"https:\/\/physiotherapie-maeder.de\/wp-content\/uploads\/2024\/01\/Teambild-1024x768.jpg\" alt=\"\" class=\"wp-image-578\" srcset=\"https:\/\/physiotherapie-maeder.de\/wp-content\/uploads\/2024\/01\/Teambild-1024x768.jpg 1024w, https:\/\/physiotherapie-maeder.de\/wp-content\/uploads\/2024\/01\/Teambild-300x225.jpg 300w, https:\/\/physiotherapie-maeder.de\/wp-content\/uploads\/2024\/01\/Teambild-2000x1500.jpg 2000w\" sizes=\"(max-width: 1024px) 100vw, 1024px\" \/><\/figure>\n\n\n\n<p>Physiotherapie M\u00e4der steht f\u00fcr Wissen, Erfahrung und Tradition in der zweiten Generation.<\/p>\n\n\n\n<p>Manuela M\u00e4der ist eine qualifizierte, erfahrene Physiotherapeutin, dar\u00fcber hinaus staatlich gepr\u00fcfte Heilpraktikerin und Osteopathin. Ein auf Ihre Bed\u00fcrfnisse angepasster Therapieplan verfolgt das Ziel der Schmerzlinderung, einer erh\u00f6hten Bewegungsfreiheit sowie die R\u00fcckgewinnung k\u00f6rpereigener Funktionen. Stetige Weiterbildungen und ein breites Spektrum an Erfahrung sind die Basis guter Arbeit in unserer \u201eK\u00f6rpermanufaktur\u201c.<\/p>\n\n\n\n<p>Neben der breiten Palette an Therapien finden Sie bei Physiotherapie M\u00e4der auch entspannende, anregende oder gesundheitsf\u00f6rdernde Wellness-Angebote.<\/p>\n","protected":false},"excerpt":{"rendered":"<p>Physiotherapie M\u00e4der steht f\u00fcr Wissen, Erfahrung und Tradition in der zweiten Generation. Manuela M\u00e4der ist eine qualifizierte, erfahrene Physiotherapeutin, dar\u00fcber hinaus staatlich gepr\u00fcfte Heilpraktikerin und Osteopathin. Ein auf Ihre Bed\u00fcrfnisse angepasster Therapieplan verfolgt das Ziel der Schmerzlinderung, einer erh\u00f6hten Bewegungsfreiheit sowie die R\u00fcckgewinnung k\u00f6rpereigener Funktionen. Stetige Weiterbildungen und ein breites Spektrum an Erfahrung sind die &hellip; <\/p>\n<p class=\"link-more\"><a href=\"https:\/\/physiotherapie-maeder.de\/?page_id=15\" class=\"more-link\">Mehr <span class=\"screen-reader-text\">\u00fcber &#8222;Philosophie&#8220; <\/span>Lesen<\/a><\/p>\n","protected":false},"author":4,"featured_media":0,"parent":0,"menu_order":0,"comment_status":"closed","ping_status":"closed","template":"","meta":{"footnotes":"","inspiro_hide_title":false},"_links":{"self":[{"href":"https:\/\/physiotherapie-maeder.de\/index.php?rest_route=\/wp\/v2\/pages\/15"}],"collection":[{"href":"https:\/\/physiotherapie-maeder.de\/index.php?rest_route=\/wp\/v2\/pages"}],"about":[{"href":"https:\/\/physiotherapie-maeder.de\/index.php?rest_route=\/wp\/v2\/types\/page"}],"author":[{"embeddable":true,"href":"https:\/\/physiotherapie-maeder.de\/index.php?rest_route=\/wp\/v2\/users\/4"}],"replies":[{"embeddable":true,"href":"https:\/\/physiotherapie-maeder.de\/index.php?rest_route=%2Fwp%2Fv2%2Fcomments&post=15"}],"version-history":[{"count":16,"href":"https:\/\/physiotherapie-maeder.de\/index.php?rest_route=\/wp\/v2\/pages\/15\/revisions"}],"predecessor-version":[{"id":580,"href":"https:\/\/physiotherapie-maeder.de\/index.php?rest_route=\/wp\/v2\/pages\/15\/revisions\/580"}],"wp:attachment":[{"href":"https:\/\/physiotherapie-maeder.de\/index.php?rest_route=%2Fwp%2Fv2%2Fmedia&parent=15"}],"curies":[{"name":"wp","href":"https:\/\/api.w.org\/{rel}","templated":true}]}}