{"id":117,"date":"2023-03-11T12:04:39","date_gmt":"2023-03-11T12:04:39","guid":{"rendered":"https:\/\/physiotherapie-maeder.de\/?page_id=117"},"modified":"2023-05-19T16:47:09","modified_gmt":"2023-05-19T16:47:09","slug":"physiotherapie","status":"publish","type":"page","link":"https:\/\/physiotherapie-maeder.de\/?page_id=117","title":{"rendered":"Physiotherapie"},"content":{"rendered":"\n<p>KRANKENGYMNASTIK AUF NEUROPHYSIOLOGISCHER BASIS (PNF)<br>PNF ist eine spezielle Form der Krankengymnastik. Sie ist eine speziell entwickelte Therapie um neurologische Krankheiten wie z. B. MS, Parkinson, Schlaganfall, Alzheimer, Querschnittsl\u00e4hmung und alle anderen Krankheiten die das zentrale Nervensystem betreffen, h\u00f6chst effektiv und gezielt zu behandeln.<br>Bei der PNF-Krankengymnastik setzt der Therapeut taktile, visuelle oder akustische Reize auf den K\u00f6rper. Auf festgelegten diagonalen Bewegungsbahnen werden dreidimensionale spiralf\u00f6rmige Bewegungen durchgef\u00fchrt. Durch die erfolgreich abgeschlossene Weiterbildung k\u00f6nnen wir seit 2004 diese Therapieform anbieten. Der Arzt kann diese Krankengymnastik ZNS (zentrales Nervensystem) verordnen und somit \u00fcbernehmen die Krankenkassen die Behandlungskosten.<\/p>\n\n\n\n<p>KRANKENGYMNASTIK NACH BOBATH<br>Wie bei PNF wird bei Krankengymnastik nach Bobath in erster Linie dem neurologisch erkrankten Patienten geholfen.<br>Die Prinzipien des Bobath-Konzeptes:<br>&#8211; Die aktive Mitarbeit der Patientin\/des Patienten fordern und f\u00f6rdern<br>&#8211; Die aktuelle Leistungsgrenze ermitteln, damit an ihr gearbeitet werden kann<br>&#8211; Ein Vertrauensverh\u00e4ltnis zum Patienten aufbauen<br>&#8211; Das Zusammenspiel von Nerven und Muskeln erleichtern, um so nat\u00fcrliche Bewegungsmuster zu f\u00f6rdern<br>&#8211; Bewegungsabl\u00e4ufe wiederholt ein\u00fcben<\/p>\n\n\n\n<p>MANUELLE THERAPIE<br>Die Manuelle Therapie ist eine physiotherapeutische Behandlungsform, die sich mit Funktionsst\u00f6rungen des menschlichen Bewegungssystems befasst.<br>Wir Therapeuten beurteilen bei der Manuellen Therapie alle an einer Erkrankung beteiligten Strukturen wie Nerven, Muskeln und Gelenke. Der Therapieansatz ist, Schmerzen zu lindern und das physiologische Zusammenspiel der beteiligten Strukturen wieder herzustellen. Hierbei werden bewegungseingeschr\u00e4nkte Gelenke mobilisiert oder instabile Gelenke stabilisiert.<\/p>\n\n\n\n<p>KIEFERGELENKSBEHANDLUNG<br>Die Kiefergelenksbehandlung ist eine Spezialgebiet der Physiotherapie und behandelt funktionell bedingte Symptome bei Kiefergelenksbeschwerden.<br>Bei Kopfschmerzpatienten, bei Patienten mit Schwindel oder mit starken Verspannungen in der Schulter-Nackenpartie (bis hin zu Haltungsproblemen im gesamten R\u00fccken), sind die Probleme h\u00e4ufig auf das Kiefergelenk zur\u00fcckzuf\u00fchren.<br>Wegen der vielf\u00e4ltigen Ursachen der Kiefergelenksbeschwerden muss auch mit differenzierten Methoden behandelt werden. Entscheidend f\u00fcr eine erfolgreiche Therapie ist die Zusammenarbeit von Zahn\u00e4rzten, Orthop\u00e4den und Physiotherapeuten.<\/p>\n\n\n\n<p>BABY- UND KINDER-PHYSIOTHERAPIE<br>Schon ab dem S\u00e4uglingsalter kann die Entwicklung von Babys und Kindern durch therapeutische Unterst\u00fctzung und Anleitung positiv beeinflusst werden. Auch in Fr\u00fchgeborenen kann durch gezielte therapeutische Ma\u00dfnahmen ein gesundes und positives Lebensgef\u00fchl aufgebaut werden.<br>Fehlbildungen an der Wirbels\u00e4ule, die sich durch asymmetrische K\u00f6rperhaltungen und -bewegungen zeigen, sind fr\u00fchzeitig behandelbar.<br>Angeborene und erworbene neurologische St\u00f6rungen des Bewegungsablaufes bei S\u00e4uglingen, Kindern und Jugendlichen bis ins Erwachsenenalter sind \u00fcber entsprechende Therapieformen wesentlich zu verbessern.<br>Hier empfehlen sich unter anderem die Osteopathie oder Therapien nach Bobath. Sie kann \u00e4rztlich verordnet werden und wird damit von den Krankenkassen \u00fcbernommen.<br>Anwendungsbereiche der Bobath-Therapie:<br>&#8211; Babys und Kinder mit Verdauungsst\u00f6rungen<br>&#8211; Babys und Kinder mit Entwicklungsst\u00f6rungen<br>&#8211; Skoliose-Patienten<br>&#8211; neurologische Krankheitsbilder wie Schlaganfall, Multiple Sklerose (MS), Querschnittsl\u00e4hmung und spastische St\u00f6rungen<\/p>\n\n\n\n<p>LYMPHDRAINAGE<br>Mit der manuellen Lymphdrainage helfen wir Ihnen, die geschwollenen K\u00f6rperregionen an Armen und Beinen zu entstauen. Kreisf\u00f6rmige Verschiebetechniken, die mit leichtem Druck angewandt werden, verschieben Fl\u00fcssigkeit aus dem Gewebe in das Lymphsystem.<br>Auch bei Schmerzpatienten, sowie vor und nach Operationen wenden wir diese Therapie gerne an. Der Patient sp\u00fcrt eine deutliche Erleichterung. Der Heilungsprozess wird positiv beeinflusst.<\/p>\n\n\n\n<p>SCHLINGENTISCH<br>Bei unseren akuten Schmerzpatienten ist der Schlingentisch eine beliebte Behandlungsmethode. Sie ist sehr sanft und schonend, da die Ger\u00e4tekonstruktion eine Schwerelosigkeit am ganzen K\u00f6rper oder an einzelnen K\u00f6rperteilen erm\u00f6glicht.<\/p>\n\n\n\n<p>FANGO<br>Mit der W\u00e4rmebehandlung durch Fangopackungen oder Hei\u00dfluftbestrahlung lindern wir Ihre Schmerzen, entspannen Ihre Muskeln und f\u00f6rdern Ihre Durchblutung. Diese gew\u00fcnschte Wirkung kann zur Vorbereitung weiterer Therapien (Krankengymnastik, Massage) oder zum Abtransport vorab gel\u00f6ster Stoffwechselendprodukte genutzt werden. Zus\u00e4tzlich erreicht man eine reflektorische Wirkung auf innere Organe, die vom gleichen Segment versorgt werden.<\/p>\n\n\n\n<p>HEISSLUFT<br>Die Behandlung mit Hei\u00dfluft empfiehlt sich besonders f\u00fcr Patienten mit Herz-Kreislaufst\u00f6rungen oder Klaustrophobie-Diagnose.<\/p>\n\n\n\n<p>PHYSIOTHERAPIE AM ARBEITSPLATZ<br>Laut Marktforschung kosten krankheitsbedingte Ausf\u00e4lle die deutsche Wirtschaft mehrere Milliarden Euro im Jahr.<br>Ein EU-Sozialbericht erg\u00e4nzt, dass die Arbeitsbedingungen den Gesundheitszustand der Mitarbeiter ma\u00dfgeblich beeinflussen. Jede 3. Krankmeldung resultiert aus Symptomen wie R\u00fccken- und Kopfschmerzen, Bandscheibenproblemen, Muskelverspannungen oder Durchblutungsst\u00f6rungen \u2026<br>Physiotherapie-M\u00e4der ist Ihr Partner f\u00fcr fitte und motivierte Mitarbeiter sowie ergonomisch optimierte Arbeitspl\u00e4tze.<br>Wir kommen in Ihren Betrieb und machen Ihr Team auch k\u00f6rperlich fit! Therapeutische Behandlungen und Massagen sind ebenso in unserem Leistungspaket wie Entspannungs-Programme oder gezielte Gesundheitstage.<br>Im Sinne der Nachhaltigkeit analysieren und optimieren wir gerne mit Ihnen zusammen die Arbeitspl\u00e4tze in Punkto Ergonomie, Sitzhaltung, Aktionsabst\u00e4nde, Bewegungsradien \u2026<\/p>\n","protected":false},"excerpt":{"rendered":"<p>KRANKENGYMNASTIK AUF NEUROPHYSIOLOGISCHER BASIS (PNF)PNF ist eine spezielle Form der Krankengymnastik. Sie ist eine speziell entwickelte Therapie um neurologische Krankheiten wie z. B. MS, Parkinson, Schlaganfall, Alzheimer, Querschnittsl\u00e4hmung und alle anderen Krankheiten die das zentrale Nervensystem betreffen, h\u00f6chst effektiv und gezielt zu behandeln.Bei der PNF-Krankengymnastik setzt der Therapeut taktile, visuelle oder akustische Reize auf den &hellip; <\/p>\n<p class=\"link-more\"><a href=\"https:\/\/physiotherapie-maeder.de\/?page_id=117\" class=\"more-link\">Mehr <span class=\"screen-reader-text\">\u00fcber &#8222;Physiotherapie&#8220; <\/span>Lesen<\/a><\/p>\n","protected":false},"author":4,"featured_media":0,"parent":0,"menu_order":0,"comment_status":"closed","ping_status":"closed","template":"","meta":{"footnotes":"","inspiro_hide_title":false},"_links":{"self":[{"href":"https:\/\/physiotherapie-maeder.de\/index.php?rest_route=\/wp\/v2\/pages\/117"}],"collection":[{"href":"https:\/\/physiotherapie-maeder.de\/index.php?rest_route=\/wp\/v2\/pages"}],"about":[{"href":"https:\/\/physiotherapie-maeder.de\/index.php?rest_route=\/wp\/v2\/types\/page"}],"author":[{"embeddable":true,"href":"https:\/\/physiotherapie-maeder.de\/index.php?rest_route=\/wp\/v2\/users\/4"}],"replies":[{"embeddable":true,"href":"https:\/\/physiotherapie-maeder.de\/index.php?rest_route=%2Fwp%2Fv2%2Fcomments&post=117"}],"version-history":[{"count":6,"href":"https:\/\/physiotherapie-maeder.de\/index.php?rest_route=\/wp\/v2\/pages\/117\/revisions"}],"predecessor-version":[{"id":504,"href":"https:\/\/physiotherapie-maeder.de\/index.php?rest_route=\/wp\/v2\/pages\/117\/revisions\/504"}],"wp:attachment":[{"href":"https:\/\/physiotherapie-maeder.de\/index.php?rest_route=%2Fwp%2Fv2%2Fmedia&parent=117"}],"curies":[{"name":"wp","href":"https:\/\/api.w.org\/{rel}","templated":true}]}}