{"id":115,"date":"2023-03-11T12:04:29","date_gmt":"2023-03-11T12:04:29","guid":{"rendered":"https:\/\/physiotherapie-maeder.de\/?page_id=115"},"modified":"2023-03-30T19:21:06","modified_gmt":"2023-03-30T19:21:06","slug":"osteopathie-2","status":"publish","type":"page","link":"https:\/\/physiotherapie-maeder.de\/?page_id=115","title":{"rendered":"Osteopathie"},"content":{"rendered":"\n<p>Osteopathie ist eine eigenst\u00e4ndige Form der manuellen Therapie. Osteopathen nutzen f\u00fcr die Untersuchung und Behandlung ausschlie\u00dflich die H\u00e4nde. Durch den Einsatz sanfter manueller Techniken werden die k\u00f6rpereigenen Regulationsmechanismen in Gang gesetzt. Diese aktivieren wiederum die Selbstheilungskr\u00e4fte des Organismus und stellen seine Selbstregulation (Hom\u00f6ostase) wieder her.<\/p>\n\n\n\n<p>Ein aktueller Schmerz muss nicht zwingend das urs\u00e4chliche Problem, sondern kann das Folgeproblem einer zusammenh\u00e4ngenden Kette sein.<\/p>\n\n\n\n<p>Die Osteopathie gliedert sich in die parietale, viszerale und cranio-sacrale Ostepathie.<\/p>\n\n\n\n<p><strong>Zu den typischen Patientengruppen z\u00e4hlen:<br><\/strong>&#8211; R\u00fcckenschmerzenpatienten<br>&#8211; Bandscheibenpatienten<br>&#8211; Patienten mit Beschwerden im Schulter-Nackenbereich und den Extremit\u00e4ten<br>&#8211; Kopfschmerzenpatienten<br>&#8211; Skoliosepatienten<br>&#8211; Patienten mit Kieferproblemen<br>&#8211; Patienten mit Verdauungsproblemen<br>&#8211; Patienten mit Atemwegsbeschwerden<br>&#8211; Narbenpatienten<br>&#8211; Begleitung w\u00e4hrend und nach der Schwangerschaft<br>&#8211; und andere<\/p>\n\n\n\n<h2 class=\"wp-block-heading\">Baby- und Kinderosteopathie<\/h2>\n\n\n\n<figure class=\"wp-block-image size-large\"><img loading=\"lazy\" decoding=\"async\" width=\"1024\" height=\"673\" src=\"https:\/\/physiotherapie-maeder.de\/wp-content\/uploads\/2023\/03\/test-scaled-e1680203797244-1024x673.jpg\" alt=\"\" class=\"wp-image-249\" srcset=\"https:\/\/physiotherapie-maeder.de\/wp-content\/uploads\/2023\/03\/test-scaled-e1680203797244-1024x673.jpg 1024w, https:\/\/physiotherapie-maeder.de\/wp-content\/uploads\/2023\/03\/test-scaled-e1680203797244-300x197.jpg 300w, https:\/\/physiotherapie-maeder.de\/wp-content\/uploads\/2023\/03\/test-scaled-e1680203797244-768x505.jpg 768w, https:\/\/physiotherapie-maeder.de\/wp-content\/uploads\/2023\/03\/test-scaled-e1680203797244-1536x1009.jpg 1536w, https:\/\/physiotherapie-maeder.de\/wp-content\/uploads\/2023\/03\/test-scaled-e1680203797244.jpg 1587w\" sizes=\"(max-width: 1024px) 100vw, 1024px\" \/><\/figure>\n\n\n\n<p>Allein mit Hilfe der H\u00e4nde werden Ungleichgewichte (Dysbalancen) im K\u00f6rper sowie funktionelle St\u00f6rungen behandelt.<\/p>\n\n\n\n<p>Da sich der kindliche Organismus noch in einem Entwicklungs- und Reifungsprozess befindet, sind auch weniger Kompensationsmuster vorhanden als bei Erwachsenen Osteophatie-Patienten. Dadurch sind bei Kindern weniger Behandlungen notwendig.<\/p>\n\n\n\n<p><strong>Zu den typischen Patientengruppen z\u00e4hlen:<br><\/strong>&#8211; Schreibabys<br>&#8211; Babys mit Verdauungsproblemen, 3-Monats-Koliken<br>&#8211; Babys mit Kopfasymmetrien<br>&#8211; Babys\/Kinder mit Entwicklungsst\u00f6rungen<br>&#8211; und andere<\/p>\n\n\n\n<p><strong>Ablauf der Behandlung<\/strong><br>Die Erstbehandlung beginnt mit einer genauen Befragung \u00fcber den Schwangerschaftsverlauf, die Geburt sowie den Verlauf der ersten Wochen. Probleme k\u00f6nnen entstehen durch intrauterinen Platzmangel, eine Fr\u00fchgeburt oder einen komplizierten Geburtsprozess (Saugglocke, Beckenendlage) etc.<\/p>\n\n\n\n<p><strong>Was Sie beachten sollten<\/strong><br>Sch\u00f6n w\u00e4re es, wenn wir den Behandlungstermin so w\u00e4hlen, dass dieser gut in den Tagesrhythmus Ihres Kindes passt. Bringen Sie zu Ihren Terminen bitte eine Ersatzwindel, Decke und ein kleines Spielzeug mit.<\/p>\n\n\n\n<p>Die osteopathische Vorstellung ersetzt keinesfalls die \u00e4rztlichen Untersuchungen. In manchen F\u00e4llen ist eine interdisziplin\u00e4re Therapie mit Physio-, Ergotherapeuten oder Logop\u00e4den n\u00f6tig um die Behandlung zu optimieren.<\/p>\n","protected":false},"excerpt":{"rendered":"<p>Osteopathie ist eine eigenst\u00e4ndige Form der manuellen Therapie. Osteopathen nutzen f\u00fcr die Untersuchung und Behandlung ausschlie\u00dflich die H\u00e4nde. Durch den Einsatz sanfter manueller Techniken werden die k\u00f6rpereigenen Regulationsmechanismen in Gang gesetzt. Diese aktivieren wiederum die Selbstheilungskr\u00e4fte des Organismus und stellen seine Selbstregulation (Hom\u00f6ostase) wieder her. Ein aktueller Schmerz muss nicht zwingend das urs\u00e4chliche Problem, sondern &hellip; <\/p>\n<p class=\"link-more\"><a href=\"https:\/\/physiotherapie-maeder.de\/?page_id=115\" class=\"more-link\">Mehr <span class=\"screen-reader-text\">\u00fcber &#8222;Osteopathie&#8220; <\/span>Lesen<\/a><\/p>\n","protected":false},"author":4,"featured_media":0,"parent":0,"menu_order":0,"comment_status":"closed","ping_status":"closed","template":"","meta":{"footnotes":"","inspiro_hide_title":false},"_links":{"self":[{"href":"https:\/\/physiotherapie-maeder.de\/index.php?rest_route=\/wp\/v2\/pages\/115"}],"collection":[{"href":"https:\/\/physiotherapie-maeder.de\/index.php?rest_route=\/wp\/v2\/pages"}],"about":[{"href":"https:\/\/physiotherapie-maeder.de\/index.php?rest_route=\/wp\/v2\/types\/page"}],"author":[{"embeddable":true,"href":"https:\/\/physiotherapie-maeder.de\/index.php?rest_route=\/wp\/v2\/users\/4"}],"replies":[{"embeddable":true,"href":"https:\/\/physiotherapie-maeder.de\/index.php?rest_route=%2Fwp%2Fv2%2Fcomments&post=115"}],"version-history":[{"count":8,"href":"https:\/\/physiotherapie-maeder.de\/index.php?rest_route=\/wp\/v2\/pages\/115\/revisions"}],"predecessor-version":[{"id":252,"href":"https:\/\/physiotherapie-maeder.de\/index.php?rest_route=\/wp\/v2\/pages\/115\/revisions\/252"}],"wp:attachment":[{"href":"https:\/\/physiotherapie-maeder.de\/index.php?rest_route=%2Fwp%2Fv2%2Fmedia&parent=115"}],"curies":[{"name":"wp","href":"https:\/\/api.w.org\/{rel}","templated":true}]}}